{"id":250,"date":"2023-09-12T22:09:35","date_gmt":"2023-09-12T22:09:35","guid":{"rendered":"https:\/\/mepa.com.ar\/despertardigital\/?page_id=250"},"modified":"2023-12-01T01:47:04","modified_gmt":"2023-12-01T01:47:04","slug":"privacidad-de-tus-datos-y-politica-de-cookies","status":"publish","type":"page","link":"https:\/\/giselariosabogada.com\/en\/privacidad-de-tus-datos-y-politica-de-cookies\/","title":{"rendered":"Privacidad de tus datos y Pol\u00edtica de Cookies"},"content":{"rendered":"<style type=\"text\/css\" data-created_by=\"avia_inline_auto\" id=\"style-css-av-lmgv2z75-29096ab07fe7fe4776ac550a0a02adb0\">\n.avia-section.av-lmgv2z75-29096ab07fe7fe4776ac550a0a02adb0{\nbackground-repeat:no-repeat;\nbackground-image:url(https:\/\/giselariosabogada.com\/wp-content\/uploads\/2023\/08\/orange-yellow-gradient-watercolor-texture-free-vector-reflejada.jpg);\nbackground-position:50% 0%;\nbackground-attachment:fixed;\n}\n<\/style>\n<div id='av_section_1'  class='avia-section av-lmgv2z75-29096ab07fe7fe4776ac550a0a02adb0 main_color avia-section-default avia-no-border-styling  avia-builder-el-0  avia-builder-el-no-sibling  avia-full-stretch avia-bg-style-fixed container_wrap sidebar_right'  data-section-bg-repeat='stretch'><div class='container av-section-cont-open' ><main  role=\"main\" itemprop=\"mainContentOfPage\"  class='template-page content  av-content-small alpha units'><div class='post-entry post-entry-type-page post-entry-250'><div class='entry-content-wrapper clearfix'>\n\n<style type=\"text\/css\" data-created_by=\"avia_inline_auto\" id=\"style-css-av-lmgv4wfx-69919bb0dede3de4843a8562d1fb6ee9\">\n.flex_column.av-lmgv4wfx-69919bb0dede3de4843a8562d1fb6ee9{\npadding:70px 70px 70px 70px;\nbackground-color:#ffffff;\n}\n\n@media only screen and (min-width: 480px) and (max-width: 767px){ \n.flex_column.av-lmgv4wfx-69919bb0dede3de4843a8562d1fb6ee9{\npadding:20px 20px 20px 20px;\n}\n}\n\n@media only screen and (max-width: 479px){ \n.flex_column.av-lmgv4wfx-69919bb0dede3de4843a8562d1fb6ee9{\npadding:20px 20px 20px 20px;\n}\n}\n<\/style>\n<div  class='flex_column av-lmgv4wfx-69919bb0dede3de4843a8562d1fb6ee9 av_two_fifth  avia-builder-el-1  el_before_av_three_fifth  avia-builder-el-first  first flex_column_div av-animated-generic left-to-right'     ><p>\n<style type=\"text\/css\" data-created_by=\"avia_inline_auto\" id=\"style-css-av-lmgv3srk-f4fefc8eacf9fa9ef2f275beb24d4ce3\">\n#top .av-special-heading.av-lmgv3srk-f4fefc8eacf9fa9ef2f275beb24d4ce3{\npadding-bottom:10px;\n}\nbody .av-special-heading.av-lmgv3srk-f4fefc8eacf9fa9ef2f275beb24d4ce3 .av-special-heading-tag .heading-char{\nfont-size:25px;\n}\n.av-special-heading.av-lmgv3srk-f4fefc8eacf9fa9ef2f275beb24d4ce3 .av-subheading{\nfont-size:15px;\n}\n<\/style>\n<div  class='av-special-heading av-lmgv3srk-f4fefc8eacf9fa9ef2f275beb24d4ce3 av-special-heading-h2 blockquote modern-quote  avia-builder-el-2  el_before_av_textblock  avia-builder-el-first'><h2 class='av-special-heading-tag'  itemprop=\"headline\"  >Privacidad de tus datos<\/h2><div class=\"special-heading-border\"><div class=\"special-heading-inner-border\"><\/div><\/div><\/div><br \/>\n\n<style type=\"text\/css\" data-created_by=\"avia_inline_auto\" id=\"style-css-av-lmgv4hnq-93df3223f91b99272145a82ec0ea20f1\">\n#top .av_textblock_section.av-lmgv4hnq-93df3223f91b99272145a82ec0ea20f1 .avia_textblock{\ncolor:#000000;\n}\n<\/style>\n<section  class='av_textblock_section av-lmgv4hnq-93df3223f91b99272145a82ec0ea20f1'   itemscope=\"itemscope\" itemtype=\"https:\/\/schema.org\/CreativeWork\" ><div class='avia_textblock av_inherit_color'  itemprop=\"text\" ><p><span style=\"font-weight: 400;\">Todos los datos que ingreses en esta p\u00e1gina web, as\u00ed como la informaci\u00f3n que nos env\u00edes o brindes para un mejor asesoramiento es totalmente confidencial. Ning\u00fan tipo de informaci\u00f3n personal ser\u00e1 divulgada ni compartida.<\/span><\/p>\n<p><span style=\"font-weight: 400;\">En <a href=\"https:\/\/www.argentina.gob.ar\/aaip\/datospersonales\">este link<\/a> podr\u00e1s informarte acerca del uso de tus datos.<\/span><\/p>\n<\/div><\/section><\/p><\/div>\n<style type=\"text\/css\" data-created_by=\"avia_inline_auto\" id=\"style-css-av-lmgv5jay-3e2883c20f1ea6248cba9d4937f1e1cb\">\n.flex_column.av-lmgv5jay-3e2883c20f1ea6248cba9d4937f1e1cb{\npadding:70px 70px 70px 70px;\nbackground-color:#ffffff;\n}\n\n@media only screen and (min-width: 480px) and (max-width: 767px){ \n.flex_column.av-lmgv5jay-3e2883c20f1ea6248cba9d4937f1e1cb{\npadding:20px 20px 20px 20px;\n}\n}\n\n@media only screen and (max-width: 479px){ \n.flex_column.av-lmgv5jay-3e2883c20f1ea6248cba9d4937f1e1cb{\npadding:20px 20px 20px 20px;\n}\n}\n<\/style>\n<div  class='flex_column av-lmgv5jay-3e2883c20f1ea6248cba9d4937f1e1cb av_three_fifth  avia-builder-el-4  el_after_av_two_fifth  avia-builder-el-last  flex_column_div av-animated-generic right-to-left'     ><p>\n<style type=\"text\/css\" data-created_by=\"avia_inline_auto\" id=\"style-css-av-lmgv6r2f-89cb30a00b2a450ddc487e4bbe59afe5\">\n#top .av-special-heading.av-lmgv6r2f-89cb30a00b2a450ddc487e4bbe59afe5{\npadding-bottom:10px;\n}\nbody .av-special-heading.av-lmgv6r2f-89cb30a00b2a450ddc487e4bbe59afe5 .av-special-heading-tag .heading-char{\nfont-size:25px;\n}\n.av-special-heading.av-lmgv6r2f-89cb30a00b2a450ddc487e4bbe59afe5 .av-subheading{\nfont-size:15px;\n}\n<\/style>\n<div  class='av-special-heading av-lmgv6r2f-89cb30a00b2a450ddc487e4bbe59afe5 av-special-heading-h2 blockquote modern-quote modern-right  avia-builder-el-5  el_before_av_toggle_container  avia-builder-el-first'><h2 class='av-special-heading-tag'  itemprop=\"headline\"  >Nuestra Pol\u00edtica de Cookies<\/h2><div class=\"special-heading-border\"><div class=\"special-heading-inner-border\"><\/div><\/div><\/div><br \/>\n\n<style type=\"text\/css\" data-created_by=\"avia_inline_auto\" id=\"style-css-av-lmgvfnxw-bcf3b903b992b091e9fae7b2f6e74460\">\n#top .togglecontainer.av-lmgvfnxw-bcf3b903b992b091e9fae7b2f6e74460 h4.toggler{\nborder-color:#ffc31f;\n}\n#top .togglecontainer.av-lmgvfnxw-bcf3b903b992b091e9fae7b2f6e74460 h4.toggler.activeTitle{\nbackground-color:#ffffff;\n}\n#top .togglecontainer.av-lmgvfnxw-bcf3b903b992b091e9fae7b2f6e74460 h4.toggler:not(.activeTitle):hover{\nbackground-color:#ffffff;\n}\n#top .togglecontainer.av-lmgvfnxw-bcf3b903b992b091e9fae7b2f6e74460 h4.toggler:not(.activeTitle):hover .toggle_icon, #top .togglecontainer.av-lmgvfnxw-bcf3b903b992b091e9fae7b2f6e74460 p.toggler:not(.activeTitle):hover .toggle_icon *{\nborder-color: !important;\n}\n#top .togglecontainer.av-lmgvfnxw-bcf3b903b992b091e9fae7b2f6e74460 h4.toggler .toggle_icon{\ncolor:#ffc31f;\nborder-color:#ffc31f;\n}\n#top .togglecontainer.av-lmgvfnxw-bcf3b903b992b091e9fae7b2f6e74460 h4.toggler .toggle_icon > span{\ncolor:#ffc31f;\nborder-color:#ffc31f;\n}\n#top .togglecontainer.av-lmgvfnxw-bcf3b903b992b091e9fae7b2f6e74460 .toggle_wrap .toggle_content{\nborder-color:#ffc31f;\n}\n<\/style>\n<div  class='togglecontainer av-lmgvfnxw-bcf3b903b992b091e9fae7b2f6e74460 av-minimal-toggle  avia-builder-el-6  el_after_av_heading  avia-builder-el-last  toggle_close_all' >\n<section class='av_toggle_section av-lmgvb8fa-242729ee7f66869dd109e14be3728708'  itemscope=\"itemscope\" itemtype=\"https:\/\/schema.org\/CreativeWork\" ><div role=\"tablist\" class=\"single_toggle\" data-tags=\"{All} \"  ><h4 data-fake-id='#toggle-id-1' class='toggler   av-inherit-border-color'  itemprop=\"headline\"  role='tab' tabindex='0' aria-controls='toggle-id-1'>\u00bfQu\u00e9 es una cookie?<span class=\"toggle_icon\"><span class=\"vert_icon\"><\/span><span class=\"hor_icon\"><\/span><\/span><\/h4><div id='toggle-id-1' class='toggle_wrap'  ><div class='toggle_content invers-color av-inherit-border-color'  itemprop=\"text\" ><p>Las cookies son\u00a0 ficheros que se descargan en el terminal (ordenador\/smartphone\/tablet) del usuario al acceder a determinadas p\u00e1ginas web y que se almacenan en la memoria del mismo. Las cookies permiten, entre otras cosas, almacenar y recuperar informaci\u00f3n sobre los h\u00e1bitos de navegaci\u00f3n de un usuario o de su equipo, ver qu\u00e9 p\u00e1ginas se visitan, el tiempo de conexi\u00f3n, analizar el funcionamiento de una p\u00e1gina, si existen problemas t\u00e9cnicos, etc.\u00a0 Dependiendo de la informaci\u00f3n que contengan y la forma en que se utilice el terminal, pueden utilizarse para reconocer al usuario.<\/p>\n<\/div><\/div><\/div><\/section>\n<section class='av_toggle_section av-lmgvbn30-d414bd788b7f92027d87b7c3b50f00de'  itemscope=\"itemscope\" itemtype=\"https:\/\/schema.org\/CreativeWork\" ><div role=\"tablist\" class=\"single_toggle\" data-tags=\"{All} \"  ><h4 data-fake-id='#toggle-id-2' class='toggler   av-inherit-border-color'  itemprop=\"headline\"  role='tab' tabindex='0' aria-controls='toggle-id-2'>\u00bfQu\u00e9 tipos de cookies existen?<span class=\"toggle_icon\"><span class=\"vert_icon\"><\/span><span class=\"hor_icon\"><\/span><\/span><\/h4><div id='toggle-id-2' class='toggle_wrap'  ><div class='toggle_content invers-color av-inherit-border-color'  itemprop=\"text\" ><p>Existen varios tipos de cookies en funci\u00f3n de distintos criterios:<\/p>\n<p>En funci\u00f3n de la titularidad:<\/p>\n<ul>\n<li>Cookies propias. Son las que pertenecen a nuestro sitio.<\/li>\n<li>Cookies de terceros. Son aquellas cuya titularidad es de un tercero, distinto de nuestro sitio, que ser\u00e1 quien trate la informaci\u00f3n recabada.<\/li>\n<\/ul>\n<p>En funci\u00f3n de su finalidad:<\/p>\n<ul>\n<li>Cookies t\u00e9cnicas y\/o de personalizaci\u00f3n. Son aqu\u00e9llas que sirven para mejorar el servicio, localizar incidencias, reconocer al usuario, etc.<\/li>\n<li>Cookies de an\u00e1lisis y\/o de publicidad. Son aqu\u00e9llas que sirven para analizar informaci\u00f3n sobre la navegaci\u00f3n y ofrecer publicidad, sea gen\u00e9rica o personalizada.<\/li>\n<\/ul>\n<\/div><\/div><\/div><\/section>\n<section class='av_toggle_section av-lmgvbn30-1-b81ff688376b008e541324a5891f7c28'  itemscope=\"itemscope\" itemtype=\"https:\/\/schema.org\/CreativeWork\" ><div role=\"tablist\" class=\"single_toggle\" data-tags=\"{All} \"  ><h4 data-fake-id='#toggle-id-3' class='toggler   av-inherit-border-color'  itemprop=\"headline\"  role='tab' tabindex='0' aria-controls='toggle-id-3'>\u00bfPara qu\u00e9 sirve una cookie?<span class=\"toggle_icon\"><span class=\"vert_icon\"><\/span><span class=\"hor_icon\"><\/span><\/span><\/h4><div id='toggle-id-3' class='toggle_wrap'  ><div class='toggle_content invers-color av-inherit-border-color'  itemprop=\"text\" ><p>Las cookies se utilizan para poder ofrecerle servicios y\/o publicidad personalizados, para analizar el funcionamiento del sistema, reconocerle cuando accede como usuario, localizar incidencias y problemas que puedan surgir y solventarlos en el menor plazo posible, as\u00ed como analizar y medir el uso y actividad de la p\u00e1gina web.<\/p>\n<\/div><\/div><\/div><\/section>\n<section class='av_toggle_section av-lmgvhjaq-4c365bc11b96bcee51f73ea8b494c8c3'  itemscope=\"itemscope\" itemtype=\"https:\/\/schema.org\/CreativeWork\" ><div role=\"tablist\" class=\"single_toggle\" data-tags=\"{All} \"  ><h4 data-fake-id='#toggle-id-4' class='toggler   av-inherit-border-color'  itemprop=\"headline\"  role='tab' tabindex='0' aria-controls='toggle-id-4'>\u00bfSe necesita mi consentimiento para implantar una cookie?<span class=\"toggle_icon\"><span class=\"vert_icon\"><\/span><span class=\"hor_icon\"><\/span><\/span><\/h4><div id='toggle-id-4' class='toggle_wrap'  ><div class='toggle_content invers-color av-inherit-border-color'  itemprop=\"text\" ><p>No se precisa el consentimiento para la instalaci\u00f3n de cookies t\u00e9cnicas o las que sean estrictamente necesarias para la prestaci\u00f3n de un servicio de la sociedad de la informaci\u00f3n expresamente solicitado por el destinatario.<\/p>\n<p>Para el resto, s\u00ed se precisa del consentimiento del interesado que se puede solicitar por distintas v\u00edas. En el caso de nuestro sitio, se entender\u00e1 otorgado si Vd. sigue utilizando la p\u00e1gina web, sin perjuicio de que en cualquier momento podr\u00e1 revocarlo y desactivar las cookies.<\/p>\n<\/div><\/div><\/div><\/section>\n<section class='av_toggle_section av-lmgvi1g6-71b38945af5b06e138dafbf48e41e1f0'  itemscope=\"itemscope\" itemtype=\"https:\/\/schema.org\/CreativeWork\" ><div role=\"tablist\" class=\"single_toggle\" data-tags=\"{All} \"  ><h4 data-fake-id='#toggle-id-5' class='toggler   av-inherit-border-color'  itemprop=\"headline\"  role='tab' tabindex='0' aria-controls='toggle-id-5'>\u00bfQu\u00e9 cookies utiliza actualmente nuestro sitio?<span class=\"toggle_icon\"><span class=\"vert_icon\"><\/span><span class=\"hor_icon\"><\/span><\/span><\/h4><div id='toggle-id-5' class='toggle_wrap'  ><div class='toggle_content invers-color av-inherit-border-color'  itemprop=\"text\" ><p>T\u00c9CNICAS: Son cookies PROPIAS, de sesi\u00f3n, de identificaci\u00f3n, de configuraci\u00f3n y de registro, estrictamente necesarias para la identificaci\u00f3n del usuario y para la prestaci\u00f3n de los servicios solicitados por el usuario. La informaci\u00f3n obtenida a trav\u00e9s de las mismas es tratada \u00fanicamente por nuestro sitio.<\/p>\n<p>DE AN\u00c1LISIS: Son aqu\u00e9llas que, bien tratadas por nosotros o por terceros, nos permiten cuantificar el n\u00famero de usuarios y as\u00ed realizar la medici\u00f3n y an\u00e1lisis estad\u00edstico de la utilizaci\u00f3n que hacen los usuarios del servicio ofertado. Para ello se analiza su navegaci\u00f3n en nuestra p\u00e1gina web con el fin de mejorar la oferta de productos o servicios que le ofrecemos.<\/p>\n<p>Las cookies de an\u00e1lisis utilizadas por nuestro sitio son las siguientes:<\/p>\n<ul>\n<li>Twitter<\/li>\n<li>Facebook<\/li>\n<li>Google<\/li>\n<li>Instagram<\/li>\n<li>Soundcloud<\/li>\n<\/ul>\n<p>Las mencionadas empresas nos prestan el servicio de an\u00e1lisis de la audiencia de nuestra p\u00e1gina y pueden utilizar estos datos para mejorar sus propios servicios y para ofrecer servicios a otras empresas.<\/p>\n<p>Puede conocer estos y otros usos desde los enlaces indicados.<\/p>\n<p>Estas herramientas no obtienen datos de los nombres o apellidos de los usuarios ni de la direcci\u00f3n postal desde donde se conectan. La informaci\u00f3n que obtienen est\u00e1 relacionada con, el n\u00famero de p\u00e1ginas visitadas, el idioma, red social en la que se publican nuestras noticias, la ciudad a la que est\u00e1 asignada la direcci\u00f3n IP desde la que acceden los usuarios, el n\u00famero de usuarios que nos visitan, la frecuencia y reincidencia de las visitas, el tiempo de visita, el navegador que usan, el operador o tipo de terminal desde el que se realiza la visita.<\/p>\n<p>Esta informaci\u00f3n la utilizamos para mejorar nuestra p\u00e1gina, detectar nuevas necesidades y valorar las mejoras a introducir con la finalidad de prestar un mejor servicio a los usuarios que nos visitan.<\/p>\n<\/div><\/div><\/div><\/section>\n<section class='av_toggle_section av-lmgvjw1g-4cdb59141feb18bfe0c4fa2ae41d0f86'  itemscope=\"itemscope\" itemtype=\"https:\/\/schema.org\/CreativeWork\" ><div role=\"tablist\" class=\"single_toggle\" data-tags=\"{All} \"  ><h4 data-fake-id='#toggle-id-6' class='toggler   av-inherit-border-color'  itemprop=\"headline\"  role='tab' tabindex='0' aria-controls='toggle-id-6'>\u00bfC\u00f3mo puedo desactivar las cookies?<span class=\"toggle_icon\"><span class=\"vert_icon\"><\/span><span class=\"hor_icon\"><\/span><\/span><\/h4><div id='toggle-id-6' class='toggle_wrap'  ><div class='toggle_content invers-color av-inherit-border-color'  itemprop=\"text\" ><p>La mayor\u00eda de los navegadores indican c\u00f3mo configurar su navegador para que no acepte cookies, para que le notifique cada vez que reciba una nueva cookie, as\u00ed como para desactivarlas completamente. Para controlar qu\u00e9 uso quiere que se haga de su informaci\u00f3n, puede configurar el navegador de su terminal en la forma que estime m\u00e1s conveniente para Vd.<\/p>\n<p>En todo caso, le hacemos notar que si se desactivan las cookies t\u00e9cnicas y\/o de funcionamiento, la calidad de la p\u00e1gina web puede disminuir o puede que cueste m\u00e1s identificarle.<\/p>\n<p>Le indicamos los siguientes enlaces, donde podr\u00e1 encontrar m\u00e1s informaci\u00f3n sobre los diferentes navegadores:<\/p>\n<ul>\n<li><a href=\"http:\/\/support.google.com\/chrome\/bin\/answer.py?hl=es&#038;answer=95647\">Chrome<\/a><\/li>\n<li><a href=\"http:\/\/windows.microsoft.com\/es-es\/windows7\/how-to-manage-cookies-in-internet-explorer-9\">Explorer<\/a><\/li>\n<li><a href=\"http:\/\/support.mozilla.org\/es\/kb\/habilitar-y-deshabilitar-cookies-que-los-sitios-we\">Firefox<\/a><\/li>\n<li><a href=\"http:\/\/support.apple.com\/kb\/ph5042\">Safari<\/a><\/li>\n<\/ul>\n<\/div><\/div><\/div><\/section>\n<\/div><\/p><\/div>\n<\/div><\/div><\/main><!-- close content main element --><\/div><\/div><div id='after_section_1'  class='main_color av_default_container_wrap container_wrap sidebar_right'  ><div class='container av-section-cont-open' ><div class='template-page content  av-content-small alpha units'><div class='post-entry post-entry-type-page post-entry-250'><div class='entry-content-wrapper clearfix'>","protected":false},"excerpt":{"rendered":"","protected":false},"author":2,"featured_media":0,"parent":0,"menu_order":0,"comment_status":"closed","ping_status":"closed","template":"","meta":{"footnotes":""},"class_list":["post-250","page","type-page","status-publish","hentry"],"_links":{"self":[{"href":"https:\/\/giselariosabogada.com\/en\/wp-json\/wp\/v2\/pages\/250","targetHints":{"allow":["GET"]}}],"collection":[{"href":"https:\/\/giselariosabogada.com\/en\/wp-json\/wp\/v2\/pages"}],"about":[{"href":"https:\/\/giselariosabogada.com\/en\/wp-json\/wp\/v2\/types\/page"}],"author":[{"embeddable":true,"href":"https:\/\/giselariosabogada.com\/en\/wp-json\/wp\/v2\/users\/2"}],"replies":[{"embeddable":true,"href":"https:\/\/giselariosabogada.com\/en\/wp-json\/wp\/v2\/comments?post=250"}],"version-history":[{"count":1,"href":"https:\/\/giselariosabogada.com\/en\/wp-json\/wp\/v2\/pages\/250\/revisions"}],"predecessor-version":[{"id":339,"href":"https:\/\/giselariosabogada.com\/en\/wp-json\/wp\/v2\/pages\/250\/revisions\/339"}],"wp:attachment":[{"href":"https:\/\/giselariosabogada.com\/en\/wp-json\/wp\/v2\/media?parent=250"}],"curies":[{"name":"wp","href":"https:\/\/api.w.org\/{rel}","templated":true}]}}