{"id":840,"date":"2025-04-05T16:16:04","date_gmt":"2025-04-05T16:16:04","guid":{"rendered":"https:\/\/giselariosabogada.com\/?page_id=840"},"modified":"2025-06-25T02:45:57","modified_gmt":"2025-06-25T02:45:57","slug":"asesoria-11","status":"publish","type":"page","link":"https:\/\/giselariosabogada.com\/en\/asesoria-11\/","title":{"rendered":"1:1 Advisory"},"content":{"rendered":"<!DOCTYPE html>\n<html lang=\"es\">\n<head>\n  <meta charset=\"UTF-8\" \/>\n  <meta name=\"viewport\" content=\"width=device-width, initial-scale=1.0\"\/>\n  <title>Asesoria 1:1<\/title>\n  <style>\n    * {\n      margin: 0;\n      padding: 0;\n      box-sizing: border-box;\n    }\n\n   body {\n  display: flex;\n  flex-direction: column;\n  align-items: center;\n  justify-content: center;\n  min-height: 100vh;\n  width: 100vw;\n  margin: 0;\n  padding: 0;\n  background-color: #f5f5f5;\n}\n\n.contenedor {\n  display: flex;\n  flex-direction: column;\n  align-items: center;\n  justify-content: center;\n  text-align: center;\n  max-width: 800px; \/* Ajusta seg\u00fan sea necesario *\/\n  width: 100%;\n  margin: 0 auto; \/* Asegura que est\u00e9 centrado *\/\n  padding: 20px;\n}\n\nfooter {\n  width: 100%;\n  background-color: #fff;\n  text-align: center;\n  padding: 15px;\n  font-weight: bold;\n}\n\nh1 {\n  text-align: center; \/* Asegura que el texto est\u00e9 bien alineado *\/\n}\n\np {\n  text-align: justify;\n}\n\n.imagen {\n      width: 100%;\n      max-width: 600px;\n      height: auto;\n      border-radius: 10px;\n      box-shadow: 0px 5px 15px rgba(0,0,0,0.1);\n      margin-top: 20px;\n    }\n\n.back-button {\n      display: inline-block;\n      background-color: #ffc321;\n      color: #000;\n      padding: 12px 24px;\n      border-radius: 10px;\n      font-weight: bold;\n      text-decoration: none;\n      font-size: 16px;\n      transition: all 0.3s ease;\n      box-shadow: 0px 5px 10px rgba(0,0,0,0.1);\n      width: 100%;\n      max-width: 600px;\n      text-align: center;\n      margin-top: 40px;\n    }\n\n    .back-button:hover {\n      background-color: #ffd252;\n      transform: translateY(-5px);\n      box-shadow: 0px 10px 20px rgba(0,0,0,0.2);\n    }\n\n    @media (max-width: 768px) {\n      .contenedor {\n        padding: 15px;\n      }\n\n      .imagen,\n      .back-button {\n        max-width: 90%;\n      }\n    }\n  <\/style>\n<\/head>\n<body>\n\n  <div class=\"contenedor\">\n    <h1>1:1 Advisory<\/h1>\n    <p>This is a one-on-one consulting session with the business leader or the relevant department head, aimed at solving specific problems or organizing the legal aspects of the business.<\/p>\n    <img decoding=\"async\" class=\"imagen\" src=\"https:\/\/giselariosabogada.com\/wp-content\/uploads\/2025\/06\/DSC00829.jpg\" alt=\"Imagen de servicio\">\n    <a href=\"http:\/\/wa.me\/5491139202322\" class=\"back-button\" style=\"background-color: #000; color: #fff; font-weight: bold; margin-bottom: -20px\">Contact us via WhatsApp<\/a>\n    <a href=\"https:\/\/giselariosabogada.com\/en\/servicios-para-vos\/\" class=\"back-button\" style=\"color: black; font-weight: bold;\">Back to services<\/a>\n  <\/div>\n\n<\/body>\n<\/html>\n\n\n\n<p><\/p>","protected":false},"excerpt":{"rendered":"<p>Asesoria 1:1 Asesoria 1:1 Esta consultor\u00eda es uno a uno con el l\u00edder del negocio o del sector que corresponda a fin de solucionar problemas espec\u00edficos u organizar los aspectos legales del negocio. Escribinos por WhatsApp Volver a Servicios<\/p>","protected":false},"author":2,"featured_media":0,"parent":0,"menu_order":0,"comment_status":"closed","ping_status":"closed","template":"","meta":{"footnotes":""},"class_list":["post-840","page","type-page","status-publish","hentry"],"_links":{"self":[{"href":"https:\/\/giselariosabogada.com\/en\/wp-json\/wp\/v2\/pages\/840","targetHints":{"allow":["GET"]}}],"collection":[{"href":"https:\/\/giselariosabogada.com\/en\/wp-json\/wp\/v2\/pages"}],"about":[{"href":"https:\/\/giselariosabogada.com\/en\/wp-json\/wp\/v2\/types\/page"}],"author":[{"embeddable":true,"href":"https:\/\/giselariosabogada.com\/en\/wp-json\/wp\/v2\/users\/2"}],"replies":[{"embeddable":true,"href":"https:\/\/giselariosabogada.com\/en\/wp-json\/wp\/v2\/comments?post=840"}],"version-history":[{"count":10,"href":"https:\/\/giselariosabogada.com\/en\/wp-json\/wp\/v2\/pages\/840\/revisions"}],"predecessor-version":[{"id":1178,"href":"https:\/\/giselariosabogada.com\/en\/wp-json\/wp\/v2\/pages\/840\/revisions\/1178"}],"wp:attachment":[{"href":"https:\/\/giselariosabogada.com\/en\/wp-json\/wp\/v2\/media?parent=840"}],"curies":[{"name":"wp","href":"https:\/\/api.w.org\/{rel}","templated":true}]}}